{"id":805,"date":"2023-11-24T08:53:49","date_gmt":"2023-11-24T07:53:49","guid":{"rendered":"https:\/\/cantus-firmus.ch\/wordpress\/?page_id=805"},"modified":"2023-11-24T19:28:24","modified_gmt":"2023-11-24T18:28:24","slug":"impressum","status":"publish","type":"page","link":"https:\/\/cantus-firmus.ch\/it\/impressum\/","title":{"rendered":"Impressum"},"content":{"rendered":"<div class=\"fusion-fullwidth fullwidth-box fusion-builder-row-1 fusion-flex-container has-pattern-background has-mask-background fusion-parallax-none nonhundred-percent-fullwidth non-hundred-percent-height-scrolling\" style=\"--awb-border-radius-top-left:0px;--awb-border-radius-top-right:0px;--awb-border-radius-bottom-right:0px;--awb-border-radius-bottom-left:0px;--awb-background-image:url(&quot;https:\/\/cantus-firmus.ch\/wordpress\/wp-content\/uploads\/2023\/11\/hg2-1.jpg&quot;);--awb-background-size:cover;--awb-flex-wrap:wrap;\" ><div class=\"fusion-builder-row fusion-row fusion-flex-align-items-flex-start fusion-flex-content-wrap\" style=\"max-width:1248px;margin-left: calc(-4% \/ 2 );margin-right: calc(-4% \/ 2 );\"><div class=\"fusion-layout-column fusion_builder_column fusion-builder-column-0 fusion_builder_column_1_1 1_1 fusion-flex-column\" style=\"--awb-padding-right:30px;--awb-padding-left:70px;--awb-padding-right-small:30px;--awb-padding-left-small:30px;--awb-bg-color:var(--awb-color1);--awb-bg-color-hover:var(--awb-color1);--awb-bg-size:cover;--awb-width-large:100%;--awb-margin-top-large:40px;--awb-spacing-right-large:0%;--awb-margin-bottom-large:30px;--awb-spacing-left-large:0%;--awb-width-medium:100%;--awb-order-medium:0;--awb-spacing-right-medium:0%;--awb-spacing-left-medium:0%;--awb-width-small:100%;--awb-order-small:0;--awb-spacing-right-small:1.92%;--awb-spacing-left-small:1.92%;\"><div class=\"fusion-column-wrapper fusion-column-has-shadow fusion-flex-justify-content-flex-start fusion-content-layout-column\"><div class=\"fusion-title title fusion-title-1 fusion-sep-none fusion-title-text fusion-title-size-one\"><h1 class=\"fusion-title-heading title-heading-left\" style=\"margin:0;text-transform:uppercase;\">Impressum<\/h1><\/div><div class=\"fusion-text fusion-text-1\"><p><b>Verantwortliche Instanz<\/b><br \/>\ncantus firmus surselva<br \/>\nVia Run 7<br \/>\nCH-7180 Disentis\/Must\u00e9r<br \/>\n<strong>E-Mail<\/strong>: <a href=\"mailto:info@cantus-firmus.ch\">info@cantus-firmus.ch<\/a><\/p>\n<p><strong>Vertretungsberechtigte Person<\/strong><br \/>\nAlfons Quinter<\/p>\n<p class=\"title page-title\"><strong>Konzept, Design und Programmierung<br \/>\n<\/strong>luna:mediadesign GmbH<br \/>\nVia Principala 36<br \/>\n7166 Trun<br \/>\nTel. 081 544 54 10<br \/>\n<a title=\"E-Mail\" href=\"mailto:info@lunamedia.ch\">info@lunamedia.ch<\/a><br \/>\n<a title=\"Website\" href=\"http:\/\/www.lunamedia.ch\/\" target=\"_blank\" rel=\"noopener\">www.lunamedia.ch<\/a><\/p>\n<p class=\"title page-title\"><strong>Haftungsausschluss<\/strong><br \/>\nDer Autor \u00fcbernimmt keine Gew\u00e4hr f\u00fcr die Richtigkeit, Genauigkeit, Aktualit\u00e4t, Zuverl\u00e4ssigkeit und Vollst\u00e4ndigkeit der Informationen.<br \/>\nHaftungsanspr\u00fcche gegen den Autor wegen Sch\u00e4den materieller oder immaterieller Art, die aus dem Zugriff oder der Nutzung bzw. Nichtnutzung der ver\u00f6ffentlichten Informationen, durch Missbrauch der Verbindung oder durch technische St\u00f6rungen entstanden sind, werden ausgeschlossen.<\/p>\n<p>Alle Angebote sind freibleibend. Der Autor beh\u00e4lt es sich ausdr\u00fccklich vor, Teile der Seiten oder das gesamte Angebot ohne gesonderte Ank\u00fcndigung zu ver\u00e4ndern, zu erg\u00e4nzen, zu l\u00f6schen oder die Ver\u00f6ffentlichung zeitweise oder endg\u00fcltig einzustellen.<\/p>\n<p><strong>Haftungsausschluss f\u00fcr Inhalte und Links<\/strong><br \/>\nVerweise und Links auf Webseiten Dritter liegen ausserhalb unseres Verantwortungsbereichs. Es wird jegliche Verantwortung f\u00fcr solche Webseiten abgelehnt. Der Zugriff und die Nutzung solcher Webseiten erfolgen auf eigene Gefahr des jeweiligen Nutzers.<\/p>\n<p><strong>Urheberrechtserkl\u00e4rung<\/strong><br \/>\nDie Urheber- und alle anderen Rechte an Inhalten, Bildern, Fotos oder anderen Dateien auf dieser Website, geh\u00f6ren ausschliesslich cantus firmus surselva oder den speziell genannten Rechteinhabern. F\u00fcr die Reproduktion jeglicher Elemente ist die schriftliche Zustimmung des Urheberrechtstr\u00e4gers im Voraus einzuholen.<\/p>\n<\/div><\/div><\/div><\/div><\/div>\n","protected":false},"excerpt":{"rendered":"","protected":false},"author":1,"featured_media":0,"parent":0,"menu_order":60,"comment_status":"closed","ping_status":"closed","template":"100-width.php","meta":{"footnotes":""},"class_list":["post-805","page","type-page","status-publish","hentry"],"_links":{"self":[{"href":"https:\/\/cantus-firmus.ch\/it\/wp-json\/wp\/v2\/pages\/805","targetHints":{"allow":["GET"]}}],"collection":[{"href":"https:\/\/cantus-firmus.ch\/it\/wp-json\/wp\/v2\/pages"}],"about":[{"href":"https:\/\/cantus-firmus.ch\/it\/wp-json\/wp\/v2\/types\/page"}],"author":[{"embeddable":true,"href":"https:\/\/cantus-firmus.ch\/it\/wp-json\/wp\/v2\/users\/1"}],"replies":[{"embeddable":true,"href":"https:\/\/cantus-firmus.ch\/it\/wp-json\/wp\/v2\/comments?post=805"}],"version-history":[{"count":27,"href":"https:\/\/cantus-firmus.ch\/it\/wp-json\/wp\/v2\/pages\/805\/revisions"}],"predecessor-version":[{"id":917,"href":"https:\/\/cantus-firmus.ch\/it\/wp-json\/wp\/v2\/pages\/805\/revisions\/917"}],"wp:attachment":[{"href":"https:\/\/cantus-firmus.ch\/it\/wp-json\/wp\/v2\/media?parent=805"}],"curies":[{"name":"wp","href":"https:\/\/api.w.org\/{rel}","templated":true}]}}